{"id":785,"date":"2024-07-17T14:06:45","date_gmt":"2024-07-17T12:06:45","guid":{"rendered":"https:\/\/scthanshf.dk\/?page_id=785"},"modified":"2024-07-17T14:06:45","modified_gmt":"2024-07-17T12:06:45","slug":"ansoegning-om-vurdering","status":"publish","type":"page","link":"https:\/\/scthanshf.dk\/?page_id=785","title":{"rendered":"Ans\u00f8gning om vurdering"},"content":{"rendered":"\n<div class=\"wpcf7 no-js\" id=\"wpcf7-f784-o1\" lang=\"da-DK\" dir=\"ltr\" data-wpcf7-id=\"784\">\n<div class=\"screen-reader-response\"><p role=\"status\" aria-live=\"polite\" aria-atomic=\"true\"><\/p> <ul><\/ul><\/div>\n<form action=\"\/index.php?rest_route=%2Fwp%2Fv2%2Fpages%2F785#wpcf7-f784-o1\" method=\"post\" class=\"wpcf7-form init\" aria-label=\"Kontaktformular\" enctype=\"multipart\/form-data\" novalidate=\"novalidate\" data-status=\"init\">\n<fieldset class=\"hidden-fields-container\"><input type=\"hidden\" name=\"_wpcf7\" value=\"784\" \/><input type=\"hidden\" name=\"_wpcf7_version\" value=\"6.1.6\" \/><input type=\"hidden\" name=\"_wpcf7_locale\" value=\"da_DK\" \/><input type=\"hidden\" name=\"_wpcf7_unit_tag\" value=\"wpcf7-f784-o1\" \/><input type=\"hidden\" name=\"_wpcf7_container_post\" value=\"0\" \/><input type=\"hidden\" name=\"_wpcf7_posted_data_hash\" value=\"\" \/><input type=\"hidden\" name=\"_uacf7_hidden_conditional_fields\" value=\"\" \/>\n<\/fieldset>\n<div class=\"uacf7-form-wrapper-container uacf7-form-784  \"><div class=\"vurderingsformular\">\n\n<h2>Kontrolsp\u00f8rgm\u00e5l<\/h2> \n\n<p>For at man kan f\u00e5 sin have vurderet skal f\u00f8lgende ting v\u00e6re p\u00e5 plads. Svar venligst ja til <b>alle<\/b> nedenst\u00e5ende sp\u00f8rgsm\u00e5l:<\/p>\n\n<span class=\"wpcf7-form-control-wrap\" data-name=\"isOwner\"><span class=\"wpcf7-form-control wpcf7-acceptance\"><span class=\"wpcf7-list-item\"><label><input type=\"checkbox\" name=\"isOwner\" value=\"1\" aria-invalid=\"false\" \/><span class=\"wpcf7-list-item-label\">Jeg ejer al bebyggelse p\u00e5 haveloddet<\/span><\/label><\/span><\/span><\/span>\n\n<label><span class=\"wpcf7-form-control-wrap\" data-name=\"haveDeclaration\"><span class=\"wpcf7-form-control wpcf7-acceptance\"><span class=\"wpcf7-list-item\"><label><input type=\"checkbox\" name=\"haveDeclaration\" value=\"1\" aria-invalid=\"false\" \/><span class=\"wpcf7-list-item-label\">Jeg har udfyldt og underskrevet en <a href=\"https:\/\/kolonihaveforbundet.dk\/wp-content\/uploads\/2022\/03\/Ejererklaering-5.1-print-2024-PDF.pdf\" target=\"_blank\">Obligatorisk Ejererkl\u00e6ring<\/a><\/span><\/label><\/span><\/span><\/span><\/label>\n\n<label><span class=\"wpcf7-form-control-wrap\" data-name=\"waterIsLegal\"><span class=\"wpcf7-form-control wpcf7-acceptance\"><span class=\"wpcf7-list-item\"><label><input type=\"checkbox\" name=\"waterIsLegal\" value=\"1\" aria-invalid=\"false\" \/><span class=\"wpcf7-list-item-label\">Alle afl\u00f8b er tilsluttet en godkendt samletank eller der er ingen afl\u00f8b p\u00e5 haveloddet.<\/span><\/label><\/span><\/span><\/span><\/label>\n\n<label><span class=\"wpcf7-form-control-wrap\" data-name=\"IsPayed\"><span class=\"wpcf7-form-control wpcf7-acceptance\"><span class=\"wpcf7-list-item\"><label><input type=\"checkbox\" name=\"IsPayed\" value=\"1\" aria-invalid=\"false\" \/><span class=\"wpcf7-list-item-label\">Jeg har indbetalt 1.000 kr. til foreningens vurderingskonto (5314-0000250557) og har kvittering\/screenshot af dette.<\/span><\/label><\/span><\/span><\/span><\/label>\n\n<hr>\n\n<h2>Grundoplysninger<\/h2>\n\n<label> Havenummer\n    <span class=\"wpcf7-form-control-wrap\" data-name=\"havelod\"><input class=\"wpcf7-form-control wpcf7-number wpcf7-validates-as-required wpcf7-validates-as-number\" min=\"1\" max=\"118\" aria-required=\"true\" aria-invalid=\"false\" value=\"\" type=\"number\" name=\"havelod\" \/><\/span> <\/label>\n\n<label> Dit fulde navn\n    <span class=\"wpcf7-form-control-wrap\" data-name=\"fullname\"><input size=\"40\" maxlength=\"400\" class=\"wpcf7-form-control wpcf7-text wpcf7-validates-as-required\" autocomplete=\"email\" aria-required=\"true\" aria-invalid=\"false\" value=\"\" type=\"text\" name=\"fullname\" \/><\/span> <\/label>\n\n<label> Din e-mail\n    <span class=\"wpcf7-form-control-wrap\" data-name=\"email\"><input size=\"40\" maxlength=\"400\" class=\"wpcf7-form-control wpcf7-email wpcf7-validates-as-required wpcf7-text wpcf7-validates-as-email\" autocomplete=\"email\" aria-required=\"true\" aria-invalid=\"false\" value=\"\" type=\"email\" name=\"email\" \/><\/span> <\/label>\n\n<label> Dit telefon nr.<span class=\"wpcf7-form-control-wrap\" data-name=\"telefon\"><input size=\"40\" maxlength=\"400\" class=\"wpcf7-form-control wpcf7-tel wpcf7-validates-as-required wpcf7-text wpcf7-validates-as-tel\" aria-required=\"true\" aria-invalid=\"false\" value=\"\" type=\"tel\" name=\"telefon\" \/><\/span><\/label>\n\n<hr>\n\n<h2>Udfyldt og underskrevet ejererkl\u00e6ring<\/h2>\n\n<span class=\"wpcf7-form-control-wrap\" data-name=\"ejererklaering-file\"><input size=\"40\" class=\"wpcf7-form-control wpcf7-file wpcf7-validates-as-required\" accept=\".pdf,.png,.jpg,.jpeg\" aria-required=\"true\" aria-invalid=\"false\" type=\"file\" name=\"ejererklaering-file\" \/><\/span>\n\n<hr>\n\n\n<h2>Kvittering\/screenshot af indbetaling af vurderingsgebyret<\/h2>\n\n<span class=\"wpcf7-form-control-wrap\" data-name=\"indbetaling-file\"><input size=\"40\" class=\"wpcf7-form-control wpcf7-file wpcf7-validates-as-required\" accept=\".pdf,.png,.jpg,.jpeg\" aria-required=\"true\" aria-invalid=\"false\" type=\"file\" name=\"indbetaling-file\" \/><\/span>\n\n<hr>\n\n<h2>Yderligere sp\u00f8rgsm\u00e5l<\/h2>\n\n<label>Mit hus ligger minimum 2,5 meter fra skel i alle retninger?\n<span class=\"wpcf7-form-control-wrap\" data-name=\"skel-afstand\"><span class=\"wpcf7-form-control wpcf7-radio\"><span class=\"wpcf7-list-item first\"><input type=\"radio\" name=\"skel-afstand\" value=\"Ja\" \/><span class=\"wpcf7-list-item-label\">Ja<\/span><\/span><span class=\"wpcf7-list-item\"><input type=\"radio\" name=\"skel-afstand\" value=\"Nej men jeg har f\u00e5et en dispensation for brandsikring af kommunen\" \/><span class=\"wpcf7-list-item-label\">Nej men jeg har f\u00e5et en dispensation for brandsikring af kommunen<\/span><\/span><span class=\"wpcf7-list-item\"><input type=\"radio\" name=\"skel-afstand\" value=\"Nej men jeg har brandsikret v\u00e6ggene\" \/><span class=\"wpcf7-list-item-label\">Nej men jeg har brandsikret v\u00e6ggene<\/span><\/span><span class=\"wpcf7-list-item last\"><input type=\"radio\" name=\"skel-afstand\" value=\"Nej\" \/><span class=\"wpcf7-list-item-label\">Nej<\/span><\/span><\/span><\/span><\/label>\n\n<div style=\"height:30px\"><\/div>\n\n<label>Min samletank er godkendt af kommunen og f\u00e6rdigmeldt af en autoriseret kloakmester?\n<span class=\"wpcf7-form-control-wrap\" data-name=\"water-tank\"><span class=\"wpcf7-form-control wpcf7-radio\"><span class=\"wpcf7-list-item first\"><input type=\"radio\" name=\"water-tank\" value=\"Ja\" \/><span class=\"wpcf7-list-item-label\">Ja<\/span><\/span><span class=\"wpcf7-list-item\"><input type=\"radio\" name=\"water-tank\" value=\"Jeg har samletank men den er ikke f\u00e6rdigmeldt af en autoriseret kloakmester\" \/><span class=\"wpcf7-list-item-label\">Jeg har samletank men den er ikke f\u00e6rdigmeldt af en autoriseret kloakmester<\/span><\/span><span class=\"wpcf7-list-item last\"><input type=\"radio\" name=\"water-tank\" value=\"Jeg har ingen samletank\" \/><span class=\"wpcf7-list-item-label\">Jeg har ingen samletank<\/span><\/span><\/span><\/span><\/label>\n\n\n<div class=\"uacf7_conditional more-documents\">\n<hr>\n\n<h2>Yderligere Dokumentation<\/h2>\n<\/div>\n\n<div class=\"uacf7_conditional fire-dispensation\">\n<label>Dispensation fra kommunen for brandsikring: <span class=\"wpcf7-form-control-wrap\" data-name=\"fire-file\"><input size=\"40\" class=\"wpcf7-form-control wpcf7-file wpcf7-validates-as-required\" accept=\".pdf,.png,.jpg,.jpeg\" aria-required=\"true\" aria-invalid=\"false\" type=\"file\" name=\"fire-file\" \/><\/span>\n<\/label>\n<\/div>\n\n<div class=\"uacf7_conditional approved-tank\">\n<label>Underskrevet f\u00e6rdigmelding fra kloakmester p\u00e5 samletank:\n<span class=\"wpcf7-form-control-wrap\" data-name=\"water-tank-file\"><input size=\"40\" class=\"wpcf7-form-control wpcf7-file wpcf7-validates-as-required\" accept=\".pdf,.png,.jpg,.jpeg\" aria-required=\"true\" aria-invalid=\"false\" type=\"file\" name=\"water-tank-file\" \/><\/span>\n<\/label>\n<\/div>\n\n\n\n<input class=\"wpcf7-form-control wpcf7-submit has-spinner\" type=\"submit\" value=\"Indsend\" \/>\n\n<\/div><\/div><div class=\"wpcf7-response-output\" aria-hidden=\"true\"><\/div>\n<\/form>\n<\/div>\n\n","protected":false},"excerpt":{"rendered":"","protected":false},"author":1,"featured_media":0,"parent":0,"menu_order":0,"comment_status":"closed","ping_status":"closed","template":"","meta":{"footnotes":""},"class_list":["post-785","page","type-page","status-publish","hentry"],"_links":{"self":[{"href":"https:\/\/scthanshf.dk\/index.php?rest_route=\/wp\/v2\/pages\/785","targetHints":{"allow":["GET"]}}],"collection":[{"href":"https:\/\/scthanshf.dk\/index.php?rest_route=\/wp\/v2\/pages"}],"about":[{"href":"https:\/\/scthanshf.dk\/index.php?rest_route=\/wp\/v2\/types\/page"}],"author":[{"embeddable":true,"href":"https:\/\/scthanshf.dk\/index.php?rest_route=\/wp\/v2\/users\/1"}],"replies":[{"embeddable":true,"href":"https:\/\/scthanshf.dk\/index.php?rest_route=%2Fwp%2Fv2%2Fcomments&post=785"}],"version-history":[{"count":2,"href":"https:\/\/scthanshf.dk\/index.php?rest_route=\/wp\/v2\/pages\/785\/revisions"}],"predecessor-version":[{"id":807,"href":"https:\/\/scthanshf.dk\/index.php?rest_route=\/wp\/v2\/pages\/785\/revisions\/807"}],"wp:attachment":[{"href":"https:\/\/scthanshf.dk\/index.php?rest_route=%2Fwp%2Fv2%2Fmedia&parent=785"}],"curies":[{"name":"wp","href":"https:\/\/api.w.org\/{rel}","templated":true}]}}