{"id":312,"date":"2022-11-14T19:43:18","date_gmt":"2022-11-14T18:43:18","guid":{"rendered":"https:\/\/scthanshf.dk\/?page_id=312"},"modified":"2022-11-17T20:05:48","modified_gmt":"2022-11-17T19:05:48","slug":"vandforbrug-de-sidste-par-aar-m%c2%b3","status":"publish","type":"page","link":"https:\/\/scthanshf.dk\/?page_id=312","title":{"rendered":"Vandforbrug"},"content":{"rendered":"\n<h2 class=\"wp-block-heading\">Total \u00e5rligt forbrug i Sct. Hans H\/F<\/h2>\n\n\n<style>\n       .errordiv { padding:10px; margin:10px; border: 1px solid #555555;color: #000000;background-color: #f8f8f8; width:500px; }#advanced_iframe {visibility:visible;opacity:1;vertical-align:top;}.ai-info-bottom-iframe { position: fixed; z-index: 10000; bottom:0; left: 0; margin: 0px; text-align: center; width: 100%; background-color: #ff9999; padding-left: 5px;padding-bottom: 5px; border-top: 1px solid #aaa } a.ai-bold {font-weight: bold;}#ai-layer-div-advanced_iframe p {height:100%;margin:0;padding:0}<\/style><script type=\"text\/javascript\">var ai_iframe_width_advanced_iframe = 0;var ai_iframe_height_advanced_iframe = 0;function aiReceiveMessageadvanced_iframe(event) {  aiProcessMessage(event,\"advanced_iframe\", \"true\",\"\",\"false\",\"false\");}if (window.addEventListener) {  window.addEventListener(\"message\", aiReceiveMessageadvanced_iframe);} else if (el.attachEvent)  {  el.attachEvent(\"message\", aiReceiveMessageadvanced_iframe);}var aiOnloadScrollTop=\"true\";var aiShowDebug=false;\n\t\tif (typeof aiReadyCallbacks === 'undefined') {\n\t\t\tvar aiReadyCallbacks = [];\n\t\t} else if (!(aiReadyCallbacks instanceof Array)) {\n\t\t\tvar aiReadyCallbacks = [];\n\t\t}    function aiShowIframeId(id_iframe) { jQuery(\"#\"+id_iframe).css(\"visibility\", \"visible\");    }    function aiResizeIframeHeight(height) { aiResizeIframeHeight(height,advanced_iframe); }    function aiResizeIframeHeightId(height,width,id) {aiResizeIframeHeightById(id,height);}<\/script><iframe id=\"advanced_iframe\"  name=\"advanced_iframe\"  src=\"https:\/\/docs.google.com\/spreadsheets\/d\/e\/2PACX-1vQJfTTLTYOqReMjPHy52FPrcLc0kp0AARC6L2cugUi0v6DJasmnCi5lQospWDrdn65kEEIK-hJWBGmO\/pubchart?oid=1826625371&#038;format=interactive\"  width=\"600\"  height=\"371\"  frameborder=\"0\"  border=\"0\"  allowtransparency=\"true\"  loading=\"lazy\"  style=\";border-width: 0px;;border: none;;width:600px;;height:371px;\" ><\/iframe><script type=\"text\/javascript\">var ifrm_advanced_iframe = document.getElementById(\"advanced_iframe\");var hiddenTabsDoneadvanced_iframe = false;\nfunction resizeCallbackadvanced_iframe() {}<\/script><script type=\"text\/javascript\"><\/script><p style=\"display:block !important; visibility:visible !important;margin: -18px 14px 0 0;padding-left: 3px;padding-top:3px;background: white; overflow: hidden; position: relative; line-height:15px;width: fit-content;\"><small style=\"display:block !important;visibility:visible !important\">powered by Advanced iFrame<\/small><\/p>\n\n\n<div style=\"height:50px\" aria-hidden=\"true\" class=\"wp-block-spacer\"><\/div>\n\n\n\n<h2 class=\"wp-block-heading\">Total \u00e5rligt forbrug fordelt p\u00e5 gangene<\/h2>\n\n\n<style>\n       .errordiv { padding:10px; margin:10px; border: 1px solid #555555;color: #000000;background-color: #f8f8f8; width:500px; }#advanced_iframe_2 {visibility:visible;opacity:1;vertical-align:top;}.ai-info-bottom-iframe { position: fixed; z-index: 10000; bottom:0; left: 0; margin: 0px; text-align: center; width: 100%; background-color: #ff9999; padding-left: 5px;padding-bottom: 5px; border-top: 1px solid #aaa } a.ai-bold {font-weight: bold;}#ai-layer-div-advanced_iframe_2 p {height:100%;margin:0;padding:0}<\/style><script type=\"text\/javascript\">var ai_iframe_width_advanced_iframe_2 = 0;var ai_iframe_height_advanced_iframe_2 = 0;function aiReceiveMessageadvanced_iframe_2(event) {  aiProcessMessage(event,\"advanced_iframe_2\", \"true\",\"\",\"false\",\"false\");}if (window.addEventListener) {  window.addEventListener(\"message\", aiReceiveMessageadvanced_iframe_2);} else if (el.attachEvent)  {  el.attachEvent(\"message\", aiReceiveMessageadvanced_iframe_2);}var aiOnloadScrollTop=\"true\";var aiShowDebug=false;\n\t\tif (typeof aiReadyCallbacks === 'undefined') {\n\t\t\tvar aiReadyCallbacks = [];\n\t\t} else if (!(aiReadyCallbacks instanceof Array)) {\n\t\t\tvar aiReadyCallbacks = [];\n\t\t}    function aiShowIframeId(id_iframe) { jQuery(\"#\"+id_iframe).css(\"visibility\", \"visible\");    }    function aiResizeIframeHeight(height) { aiResizeIframeHeight(height,advanced_iframe_2); }    function aiResizeIframeHeightId(height,width,id) {aiResizeIframeHeightById(id,height);}<\/script><iframe id=\"advanced_iframe_2\"  name=\"advanced_iframe_2\"  src=\"https:\/\/docs.google.com\/spreadsheets\/d\/e\/2PACX-1vQJfTTLTYOqReMjPHy52FPrcLc0kp0AARC6L2cugUi0v6DJasmnCi5lQospWDrdn65kEEIK-hJWBGmO\/pubchart?oid=307239244&#038;format=interactive\"  width=\"600\"  height=\"371\"  frameborder=\"0\"  border=\"0\"  allowtransparency=\"true\"  loading=\"lazy\"  style=\";border-width: 0px;;border: none;;width:600px;;height:371px;\" ><\/iframe><script type=\"text\/javascript\">var ifrm_advanced_iframe_2 = document.getElementById(\"advanced_iframe_2\");var hiddenTabsDoneadvanced_iframe_2 = false;\nfunction resizeCallbackadvanced_iframe_2() {}<\/script><script type=\"text\/javascript\"><\/script><p style=\"display:block !important; visibility:visible !important;margin: -18px 14px 0 0;padding-left: 3px;padding-top:3px;background: white; overflow: hidden; position: relative; line-height:15px;width: fit-content;\"><small style=\"display:block !important;visibility:visible !important\">powered by Advanced iFrame<\/small><\/p>\n\n\n<div style=\"height:50px\" aria-hidden=\"true\" class=\"wp-block-spacer\"><\/div>\n\n\n\n<h2 class=\"wp-block-heading\">Gennemsnitligt % forbrug p\u00e5 gangene<\/h2>\n\n\n<style>\n       .errordiv { padding:10px; margin:10px; border: 1px solid #555555;color: #000000;background-color: #f8f8f8; width:500px; }#advanced_iframe_3 {visibility:visible;opacity:1;vertical-align:top;}.ai-info-bottom-iframe { position: fixed; z-index: 10000; bottom:0; left: 0; margin: 0px; text-align: center; width: 100%; background-color: #ff9999; padding-left: 5px;padding-bottom: 5px; border-top: 1px solid #aaa } a.ai-bold {font-weight: bold;}#ai-layer-div-advanced_iframe_3 p {height:100%;margin:0;padding:0}<\/style><script type=\"text\/javascript\">var ai_iframe_width_advanced_iframe_3 = 0;var ai_iframe_height_advanced_iframe_3 = 0;function aiReceiveMessageadvanced_iframe_3(event) {  aiProcessMessage(event,\"advanced_iframe_3\", \"true\",\"\",\"false\",\"false\");}if (window.addEventListener) {  window.addEventListener(\"message\", aiReceiveMessageadvanced_iframe_3);} else if (el.attachEvent)  {  el.attachEvent(\"message\", aiReceiveMessageadvanced_iframe_3);}var aiOnloadScrollTop=\"true\";var aiShowDebug=false;\n\t\tif (typeof aiReadyCallbacks === 'undefined') {\n\t\t\tvar aiReadyCallbacks = [];\n\t\t} else if (!(aiReadyCallbacks instanceof Array)) {\n\t\t\tvar aiReadyCallbacks = [];\n\t\t}    function aiShowIframeId(id_iframe) { jQuery(\"#\"+id_iframe).css(\"visibility\", \"visible\");    }    function aiResizeIframeHeight(height) { aiResizeIframeHeight(height,advanced_iframe_3); }    function aiResizeIframeHeightId(height,width,id) {aiResizeIframeHeightById(id,height);}<\/script><iframe id=\"advanced_iframe_3\"  name=\"advanced_iframe_3\"  src=\"https:\/\/docs.google.com\/spreadsheets\/d\/e\/2PACX-1vQJfTTLTYOqReMjPHy52FPrcLc0kp0AARC6L2cugUi0v6DJasmnCi5lQospWDrdn65kEEIK-hJWBGmO\/pubchart?oid=968843400&#038;format=interactive\"  width=\"480\"  height=\"371\"  frameborder=\"0\"  border=\"0\"  allowtransparency=\"true\"  loading=\"lazy\"  style=\";border-width: 0px;;border: none;;width:480px;;height:371px;\" ><\/iframe><script type=\"text\/javascript\">var ifrm_advanced_iframe_3 = document.getElementById(\"advanced_iframe_3\");var hiddenTabsDoneadvanced_iframe_3 = false;\nfunction resizeCallbackadvanced_iframe_3() {}<\/script><script type=\"text\/javascript\"><\/script><p style=\"display:block !important; visibility:visible !important;margin: -18px 14px 0 0;padding-left: 3px;padding-top:3px;background: white; overflow: hidden; position: relative; line-height:15px;width: fit-content;\"><small style=\"display:block !important;visibility:visible !important\">powered by Advanced iFrame<\/small><\/p>\n\n\n<div style=\"height:50px\" aria-hidden=\"true\" class=\"wp-block-spacer\"><\/div>\n\n\n\n<h2 class=\"wp-block-heading\">Gennemsnitlig \u00e5rlig forbrug per have p\u00e5 gangene<\/h2>\n\n\n<style>\n       .errordiv { padding:10px; margin:10px; border: 1px solid #555555;color: #000000;background-color: #f8f8f8; width:500px; }#advanced_iframe_4 {visibility:visible;opacity:1;vertical-align:top;}.ai-info-bottom-iframe { position: fixed; z-index: 10000; bottom:0; left: 0; margin: 0px; text-align: center; width: 100%; background-color: #ff9999; padding-left: 5px;padding-bottom: 5px; border-top: 1px solid #aaa } a.ai-bold {font-weight: bold;}#ai-layer-div-advanced_iframe_4 p {height:100%;margin:0;padding:0}<\/style><script type=\"text\/javascript\">var ai_iframe_width_advanced_iframe_4 = 0;var ai_iframe_height_advanced_iframe_4 = 0;function aiReceiveMessageadvanced_iframe_4(event) {  aiProcessMessage(event,\"advanced_iframe_4\", \"true\",\"\",\"false\",\"false\");}if (window.addEventListener) {  window.addEventListener(\"message\", aiReceiveMessageadvanced_iframe_4);} else if (el.attachEvent)  {  el.attachEvent(\"message\", aiReceiveMessageadvanced_iframe_4);}var aiOnloadScrollTop=\"true\";var aiShowDebug=false;\n\t\tif (typeof aiReadyCallbacks === 'undefined') {\n\t\t\tvar aiReadyCallbacks = [];\n\t\t} else if (!(aiReadyCallbacks instanceof Array)) {\n\t\t\tvar aiReadyCallbacks = [];\n\t\t}    function aiShowIframeId(id_iframe) { jQuery(\"#\"+id_iframe).css(\"visibility\", \"visible\");    }    function aiResizeIframeHeight(height) { aiResizeIframeHeight(height,advanced_iframe_4); }    function aiResizeIframeHeightId(height,width,id) {aiResizeIframeHeightById(id,height);}<\/script><iframe id=\"advanced_iframe_4\"  name=\"advanced_iframe_4\"  src=\"https:\/\/docs.google.com\/spreadsheets\/d\/e\/2PACX-1vQJfTTLTYOqReMjPHy52FPrcLc0kp0AARC6L2cugUi0v6DJasmnCi5lQospWDrdn65kEEIK-hJWBGmO\/pubchart?oid=1798256370&#038;format=interactive\"  width=\"454\"  height=\"371\"  frameborder=\"0\"  border=\"0\"  allowtransparency=\"true\"  loading=\"lazy\"  style=\";border-width: 0px;;border: none;;width:454px;;height:371px;\" ><\/iframe><script type=\"text\/javascript\">var ifrm_advanced_iframe_4 = document.getElementById(\"advanced_iframe_4\");var hiddenTabsDoneadvanced_iframe_4 = false;\nfunction resizeCallbackadvanced_iframe_4() {}<\/script><script type=\"text\/javascript\"><\/script><p style=\"display:block !important; visibility:visible !important;margin: -18px 14px 0 0;padding-left: 3px;padding-top:3px;background: white; overflow: hidden; position: relative; line-height:15px;width: fit-content;\"><small style=\"display:block !important;visibility:visible !important\">powered by Advanced iFrame<\/small><\/p>","protected":false},"excerpt":{"rendered":"<p>Total \u00e5rligt forbrug i Sct. Hans H\/F Total \u00e5rligt forbrug fordelt p\u00e5 gangene Gennemsnitligt % forbrug p\u00e5 gangene Gennemsnitlig \u00e5rlig forbrug per have p\u00e5 gangene<\/p>\n","protected":false},"author":1,"featured_media":0,"parent":0,"menu_order":0,"comment_status":"closed","ping_status":"closed","template":"","meta":{"footnotes":""},"class_list":["post-312","page","type-page","status-publish","hentry"],"_links":{"self":[{"href":"https:\/\/scthanshf.dk\/index.php?rest_route=\/wp\/v2\/pages\/312","targetHints":{"allow":["GET"]}}],"collection":[{"href":"https:\/\/scthanshf.dk\/index.php?rest_route=\/wp\/v2\/pages"}],"about":[{"href":"https:\/\/scthanshf.dk\/index.php?rest_route=\/wp\/v2\/types\/page"}],"author":[{"embeddable":true,"href":"https:\/\/scthanshf.dk\/index.php?rest_route=\/wp\/v2\/users\/1"}],"replies":[{"embeddable":true,"href":"https:\/\/scthanshf.dk\/index.php?rest_route=%2Fwp%2Fv2%2Fcomments&post=312"}],"version-history":[{"count":17,"href":"https:\/\/scthanshf.dk\/index.php?rest_route=\/wp\/v2\/pages\/312\/revisions"}],"predecessor-version":[{"id":338,"href":"https:\/\/scthanshf.dk\/index.php?rest_route=\/wp\/v2\/pages\/312\/revisions\/338"}],"wp:attachment":[{"href":"https:\/\/scthanshf.dk\/index.php?rest_route=%2Fwp%2Fv2%2Fmedia&parent=312"}],"curies":[{"name":"wp","href":"https:\/\/api.w.org\/{rel}","templated":true}]}}