{"id":14,"date":"2022-02-09T14:29:57","date_gmt":"2022-02-09T13:29:57","guid":{"rendered":"http:\/\/scthanshf.dk\/?page_id=14"},"modified":"2023-05-23T00:03:56","modified_gmt":"2023-05-22T22:03:56","slug":"faq","status":"publish","type":"page","link":"https:\/\/scthanshf.dk\/?page_id=14","title":{"rendered":"Ofte stillede sp\u00f8rgsm\u00e5l"},"content":{"rendered":"<div class=\"alignnone\"><style>#sp-ea-25 .spcollapsing { height: 0; overflow: hidden; transition-property: height;transition-duration: 300ms;}#sp-ea-25.sp-easy-accordion>.sp-ea-single {margin-bottom: 10px; border: 1px solid #e2e2e2; }#sp-ea-25.sp-easy-accordion>.sp-ea-single>.ea-header a {color: #444;}#sp-ea-25.sp-easy-accordion>.sp-ea-single>.sp-collapse>.ea-body {background: #fff; color: #444;}#sp-ea-25.sp-easy-accordion>.sp-ea-single {background: #eee;}#sp-ea-25.sp-easy-accordion>.sp-ea-single>.ea-header a .ea-expand-icon { float: left; color: #444;font-size: 16px;}<\/style><div id=\"sp_easy_accordion-1778993691\"><div id=\"sp-ea-25\" class=\"sp-ea-one sp-easy-accordion\" data-ea-active=\"ea-click\" data-ea-mode=\"vertical\" data-preloader=\"\" data-scroll-active-item=\"\" data-offset-to-scroll=\"0\"><div class=\"ea-card sp-ea-single\"><h3 class=\"ea-header\"><a class=\"collapsed\" id=\"ea-header-250\" role=\"button\" data-sptoggle=\"spcollapse\" data-sptarget=\"#collapse250\" aria-controls=\"collapse250\" href=\"#\" aria-expanded=\"false\" tabindex=\"0\"><i aria-hidden=\"true\" role=\"presentation\" class=\"ea-expand-icon eap-icon-ea-expand-plus\"><\/i> Hvorn\u00e5r m\u00e5 jeg vande min have?<\/a><\/h3><div class=\"sp-collapse spcollapse spcollapse\" id=\"collapse250\" data-parent=\"#sp-ea-25\" role=\"region\" aria-labelledby=\"ea-header-250\"> <div class=\"ea-body\"><p><b>Der er regler for havevanding i perioden 1.4. til og med 31.10. <\/b><\/p><ul><li>Haver med lige havenumre m\u00e5 vande p\u00e5 lige datoer.<\/li><li>Haver med ulige havenumre m\u00e5 vand p\u00e5 ulige datorer.<\/li><li>Reglerne g\u00e6lder for vanding med haveslanger samt fyldning af soppebassiner, vandbassiner og lignende.<\/li><li>Der m\u00e5 kun vandes i tidsrummet 6:00 &#8211; 10:00 samt 16:00 &#8211; 22:00.<\/li><li>Soppe\/bade-bassiner skal holde sig p\u00e5 maksimum 250 l og vandbassiner m\u00e5 ikke anl\u00e6gges dybere end 20 cm.<\/li><\/ul><\/div><\/div><\/div><div class=\"ea-card sp-ea-single\"><h3 class=\"ea-header\"><a class=\"collapsed\" id=\"ea-header-251\" role=\"button\" data-sptoggle=\"spcollapse\" data-sptarget=\"#collapse251\" aria-controls=\"collapse251\" href=\"#\" aria-expanded=\"false\" tabindex=\"0\"><i aria-hidden=\"true\" role=\"presentation\" class=\"ea-expand-icon eap-icon-ea-expand-plus\"><\/i> Jeg tror der er rotter i min have. Hvad g\u00f8r jeg?<\/a><\/h3><div class=\"sp-collapse spcollapse spcollapse\" id=\"collapse251\" data-parent=\"#sp-ea-25\" role=\"region\" aria-labelledby=\"ea-header-251\"> <div class=\"ea-body\"><p>Man har observeret rotter eller tegn p\u00e5 rotter flere steder i foreningen. <span style=\"font-weight: 400\">Kommunen har v\u00e6ret ude og s\u00e6tte f\u00e6lder op, og der bliver fulgt op p\u00e5 at bek\u00e6mpe dem.<\/span><\/p><p><span style=\"font-weight: 400\">Hvis du ser rotter, eller har mistanke om rotter i din have, m\u00e5 du meget gerne <a href=\"http:\/\/localhost\/wordpress\/kontakt\/\">informere bestyrelsen<\/a>.<\/span><\/p><\/div><\/div><\/div><div class=\"ea-card sp-ea-single\"><h3 class=\"ea-header\"><a class=\"collapsed\" id=\"ea-header-252\" role=\"button\" data-sptoggle=\"spcollapse\" data-sptarget=\"#collapse252\" aria-controls=\"collapse252\" href=\"#\" aria-expanded=\"false\" tabindex=\"0\"><i aria-hidden=\"true\" role=\"presentation\" class=\"ea-expand-icon eap-icon-ea-expand-plus\"><\/i> Alarmen ved f\u00e6llestoilettet giver lyd og blinker r\u00f8dt. Hvad g\u00f8r jeg?<\/a><\/h3><div class=\"sp-collapse spcollapse spcollapse\" id=\"collapse252\" data-parent=\"#sp-ea-25\" role=\"region\" aria-labelledby=\"ea-header-252\"> <div class=\"ea-body\"><p><span style=\"font-weight: 400\">Der er en alarm p\u00e5 vores tank ved f\u00e6llestoilettet, som giver lyd og r\u00f8dt blink, <\/span><span style=\"font-weight: 400\">n\u00e5r det er tid at tanken skal t\u00f8mmes. Alarmen sidder lige inden for d\u00f8ren til venstre i toiletbygningen.<\/span><\/p><p><span style=\"font-weight: 400\">Hvis alarmen lyder kan lyden sl\u00e5et fra, men husk at sende en mail til: <\/span><a href=\"mailto:renovation@scthanshf.dk\"><span style=\"font-weight: 400\">renovation@scthanshf.dk<\/span><\/a> <span style=\"font-weight: 400\">s\u00e5 vi kan bestille t\u00f8mning.<\/span><\/p><\/div><\/div><\/div><div class=\"ea-card sp-ea-single\"><h3 class=\"ea-header\"><a class=\"collapsed\" id=\"ea-header-253\" role=\"button\" data-sptoggle=\"spcollapse\" data-sptarget=\"#collapse253\" aria-controls=\"collapse253\" href=\"#\" aria-expanded=\"false\" tabindex=\"0\"><i aria-hidden=\"true\" role=\"presentation\" class=\"ea-expand-icon eap-icon-ea-expand-plus\"><\/i> Hvad m\u00e5 jeg l\u00e6gge i haveaffaldsbunken p\u00e5 f\u00e6llespladsen?<\/a><\/h3><div class=\"sp-collapse spcollapse spcollapse\" id=\"collapse253\" data-parent=\"#sp-ea-25\" role=\"region\" aria-labelledby=\"ea-header-253\"> <div class=\"ea-body\"><p>Vi har desv\u00e6rre oplevet fejlsorteringer i haveaffaldet. Det er vigtigt, at sorteringen af haveaffald er gjort korrekt, ellers kan haveaffaldet ikke genanvendes til n\u00e6ringsrig kompost.<\/p><div><div><p><strong>Ja tak til<\/strong><\/p><ul><li>Grenafklip<\/li><li>Kviste<\/li><li>Nedfaldsfrugt<\/li><li>Blade<\/li><li>Mindre buske og grene<\/li><\/ul><\/div><div><p><strong>Nej tak til<\/strong><\/p><ul><li>Jord og Sten<\/li><li>Grus<\/li><li>Gr\u00e6st\u00f8rv<\/li><li>Plastikposter og urtepotter<\/li><\/ul><\/div><\/div><\/div><\/div><\/div><div class=\"ea-card sp-ea-single\"><h3 class=\"ea-header\"><a class=\"collapsed\" id=\"ea-header-254\" role=\"button\" data-sptoggle=\"spcollapse\" data-sptarget=\"#collapse254\" aria-controls=\"collapse254\" href=\"#\" aria-expanded=\"false\" tabindex=\"0\"><i aria-hidden=\"true\" role=\"presentation\" class=\"ea-expand-icon eap-icon-ea-expand-plus\"><\/i> Jeg har flyttet folkeregisteradresse. Hvad g\u00f8r jeg?<\/a><\/h3><div class=\"sp-collapse spcollapse spcollapse\" id=\"collapse254\" data-parent=\"#sp-ea-25\" role=\"region\" aria-labelledby=\"ea-header-254\"> <div class=\"ea-body\"><p>Flytninger skal meldes til bestyrelsen. Send venligst en mail til: <a href=\"mailto:scthanshaveforening@gmail.com\"><span style=\"font-weight: 400\">scthanshaveforening@gmail.com<\/span><\/a>.<\/p><\/div><\/div><\/div><div class=\"ea-card sp-ea-single\"><h3 class=\"ea-header\"><a class=\"collapsed\" id=\"ea-header-255\" role=\"button\" data-sptoggle=\"spcollapse\" data-sptarget=\"#collapse255\" aria-controls=\"collapse255\" href=\"#\" aria-expanded=\"false\" tabindex=\"0\"><i aria-hidden=\"true\" role=\"presentation\" class=\"ea-expand-icon eap-icon-ea-expand-plus\"><\/i> Hvordan betaler jeg min \u00e5rlige haveleje?<\/a><\/h3><div class=\"sp-collapse spcollapse spcollapse\" id=\"collapse255\" data-parent=\"#sp-ea-25\" role=\"region\" aria-labelledby=\"ea-header-255\"> <div class=\"ea-body\"><p><span style=\"font-weight: 400\">Det er<\/span><span style=\"font-weight: 400\"> muligt at tilmelde betaling af havelejen til betalingsservice <a href=\"https:\/\/www.betalingsservice.dk\/DOB\/BS?id=3&amp;pbs=09881670&amp;pbscheck=G8NP4t8nC1Oys2GJsA4vjQ%3D%3D&amp;dbnr=&amp;dbgr=00001&amp;kundenrLabel=medlemsnr.&amp;version=2\" target=\"_blank\" rel=\"noopener\">her<\/a>.<\/span><\/p><p>Indbetalinger til foreningen kan ogs\u00e5 ved bankoverf\u00f8relse til Arbejdernes Landsbank reg.nr. <strong>5391<\/strong> kontonr. <strong>4098335<\/strong>. Husk at annotere betalingen med dit medlemsnummer!<\/p><\/div><\/div><\/div><div class=\"ea-card sp-ea-single\"><h3 class=\"ea-header\"><a class=\"collapsed\" id=\"ea-header-256\" role=\"button\" data-sptoggle=\"spcollapse\" data-sptarget=\"#collapse256\" aria-controls=\"collapse256\" href=\"#\" aria-expanded=\"false\" tabindex=\"0\"><i aria-hidden=\"true\" role=\"presentation\" class=\"ea-expand-icon eap-icon-ea-expand-plus\"><\/i> Hvor finder jeg mit medlemsnummer?<\/a><\/h3><div class=\"sp-collapse spcollapse spcollapse\" id=\"collapse256\" data-parent=\"#sp-ea-25\" role=\"region\" aria-labelledby=\"ea-header-256\"> <div class=\"ea-body\"><p><span style=\"font-weight: 400\">Du finder dit medlemsnummer p\u00e5 dit haveblad. Alternativt kan du skrive og sp\u00f8rge <a href=\"mailto:scthanshaveforening@gmail.com\">bestyrelsen<\/a>.<\/span><\/p><\/div><\/div><\/div><div class=\"ea-card sp-ea-single\"><h3 class=\"ea-header\"><a class=\"collapsed\" id=\"ea-header-257\" role=\"button\" data-sptoggle=\"spcollapse\" data-sptarget=\"#collapse257\" aria-controls=\"collapse257\" href=\"#\" aria-expanded=\"false\" tabindex=\"0\"><i aria-hidden=\"true\" role=\"presentation\" class=\"ea-expand-icon eap-icon-ea-expand-plus\"><\/i> Der er huller i vejen p\u00e5 min havegang. Hvad g\u00f8r jeg?<\/a><\/h3><div class=\"sp-collapse spcollapse spcollapse\" id=\"collapse257\" data-parent=\"#sp-ea-25\" role=\"region\" aria-labelledby=\"ea-header-257\"> <div class=\"ea-body\"><p><span style=\"font-weight: 400\">Der ligger knust beton, til fri benyttelse p\u00e5 p-pladsen. <\/span><\/p><p><span style=\"font-weight: 400\">Brugere af tv\u00e6rvejen mellem gang 1-2-3 samt gang 1b (indgang fra Victoriagade) bedes v\u00e6re behj\u00e6lpelig med at fylde huller.<\/span><\/p><p><span style=\"font-weight: 400\">De enkelte have lejere er ansvarlige for at reparerer huller ud for deres egen have lod, samt hvor man har have lod op til en indgang.<\/span><\/p><\/div><\/div><\/div><div class=\"ea-card sp-ea-single\"><h3 class=\"ea-header\"><a class=\"collapsed\" id=\"ea-header-258\" role=\"button\" data-sptoggle=\"spcollapse\" data-sptarget=\"#collapse258\" aria-controls=\"collapse258\" href=\"#\" aria-expanded=\"false\" tabindex=\"0\"><i aria-hidden=\"true\" role=\"presentation\" class=\"ea-expand-icon eap-icon-ea-expand-plus\"><\/i> Hvorn\u00e5r m\u00e5 jeg opholde mig i min kolonihave?<\/a><\/h3><div class=\"sp-collapse spcollapse spcollapse\" id=\"collapse258\" data-parent=\"#sp-ea-25\" role=\"region\" aria-labelledby=\"ea-header-258\"> <div class=\"ea-body\"><p><span style=\"font-weight: 400\">Fra d. <strong>1.<\/strong><\/span><span style=\"font-weight: 400\"><strong> april<\/strong> til og med d. <strong>31. oktober<\/strong> m\u00e5 du opholde dig i haven d\u00f8gnet rundt alle ugedage.<\/span><\/p><p><span style=\"font-weight: 400\">Fra d. <strong>1.<\/strong><\/span><span style=\"font-weight: 400\"><strong> november<\/strong> til og med d. <strong>31. marts<\/strong> m\u00e5 du opholde dig i haven mellem <strong>kl. 7.00<\/strong> og <strong>kl. 22.00<\/strong>, samt i weekenderne og i skolernes ferieperioder.<\/span><\/p><\/div><\/div><\/div><\/div><\/div><\/div>","protected":false},"excerpt":{"rendered":"","protected":false},"author":1,"featured_media":0,"parent":0,"menu_order":0,"comment_status":"closed","ping_status":"closed","template":"","meta":{"footnotes":""},"class_list":["post-14","page","type-page","status-publish","hentry"],"_links":{"self":[{"href":"https:\/\/scthanshf.dk\/index.php?rest_route=\/wp\/v2\/pages\/14","targetHints":{"allow":["GET"]}}],"collection":[{"href":"https:\/\/scthanshf.dk\/index.php?rest_route=\/wp\/v2\/pages"}],"about":[{"href":"https:\/\/scthanshf.dk\/index.php?rest_route=\/wp\/v2\/types\/page"}],"author":[{"embeddable":true,"href":"https:\/\/scthanshf.dk\/index.php?rest_route=\/wp\/v2\/users\/1"}],"replies":[{"embeddable":true,"href":"https:\/\/scthanshf.dk\/index.php?rest_route=%2Fwp%2Fv2%2Fcomments&post=14"}],"version-history":[{"count":5,"href":"https:\/\/scthanshf.dk\/index.php?rest_route=\/wp\/v2\/pages\/14\/revisions"}],"predecessor-version":[{"id":460,"href":"https:\/\/scthanshf.dk\/index.php?rest_route=\/wp\/v2\/pages\/14\/revisions\/460"}],"wp:attachment":[{"href":"https:\/\/scthanshf.dk\/index.php?rest_route=%2Fwp%2Fv2%2Fmedia&parent=14"}],"curies":[{"name":"wp","href":"https:\/\/api.w.org\/{rel}","templated":true}]}}